{"id":31,"date":"2026-05-14T11:39:51","date_gmt":"2026-05-14T08:39:51","guid":{"rendered":"https:\/\/peesarit.fi\/?page_id=31"},"modified":"2026-05-14T11:39:51","modified_gmt":"2026-05-14T08:39:51","slug":"historia","status":"publish","type":"page","link":"https:\/\/peesarit.fi\/index.php\/historia\/","title":{"rendered":"Historia"},"content":{"rendered":"\n<p>HISTORIA, eli mist\u00e4 kaikki sai&nbsp;alkunsa \u2026&nbsp;&nbsp;&nbsp;<\/p>\n\n\n\n<p><strong>Juha Herttuainen&nbsp;<\/strong>Lepola 18.10.2003<\/p>\n\n\n\n<p>Suomessa on ollut n\u00e4k\u00f6vammaisten opaskoirank\u00e4ytt\u00e4jien avustajia eli nykyiselt\u00e4 nimelt\u00e4\u00e4n Peesareita yht\u00e4 kauan kuin on ollut opaskoiriakin. Sotasokeiden apuna oli palveluskoirien kouluttajia ja mm. lottia heid\u00e4n ollessaan yhteisty\u00f6koulutuksessa.<em>\u00a0\u00a0<\/em><\/p>\n\n\n\n<p>Opaskoirakoulun ja \u2013yhdistyksen kouluttajat toimivat peesareina ja koetuomareina 1940-luvulta alkaen. Palveluskoirakokeiden opaskoirakoetuomarit pitiv\u00e4t yhdess\u00e4 opaskoirakoulun kouluttajien kanssa opaskoirakoille harjoituksia ja leirej\u00e4. N\u00e4ist\u00e4 leireist\u00e4 aiheutuneet kustannukset maksoi Opaskoirayhdistys. Vuonna 1989 aloitettiin Opaskoirakoulun ja Opaskoirayhdistyksen toimesta j\u00e4rjestelm\u00e4llinen t\u00e4ydennyskoulutus eli ns. viiden p\u00e4iv\u00e4n kurssit. My\u00f6s opaskoirakerhojen toiminta k\u00e4ynnistyi mm. Varsinais-Suomessa, Pirkanmaalla ja Savossa. Koetuomareiden lis\u00e4ksi toimintaan tuli mukaan muutakin opaskoira-asiasta kiinnostunutta v\u00e4ke\u00e4. Perustettiin opaskoira-asiamiesverkosto, jonka teht\u00e4v\u00e4ksi tuli yhteyshenkil\u00f6toiminnan ja tiedottamisen lis\u00e4ksi opaskoirakoiden alueellisen t\u00e4ydennyskoulutuksen ja virkistystoiminnan j\u00e4rjest\u00e4minen. <br><br><strong>Peesi-lehti\u00a0<\/strong><br>Peesi-lehti alkoi ilmesty\u00e4 helmikuussa 1992. Herttuaisen Juha kirjoitti, monisti, lajitteli, tarroitti, nuoli postimerkit ja pisti postiin ensimm\u00e4iset Peesi-lehden numerot. Aluksi Peesi ilmestyi kuusi kertaa vuodessa, my\u00f6hemmin nelj\u00e4sti. Vakituisten kirjoittajien piiri laajeni pian k\u00e4sitt\u00e4m\u00e4\u00e4n mm. nimimerkki Veteraanin ja Veikko Tuomisen. Lis\u00e4ksi yhteyshenkil\u00f6t ja muutamat opaskoirank\u00e4ytt\u00e4j\u00e4t kirjoittivat viikonloppukursseista ja muista koiratapaamisista. Peesarit-kerhon puheenjohtajat ja sihteerit pistiv\u00e4t my\u00f6s kyn\u00e4ns\u00e4 savuamaan. Peesi-lehte\u00e4 toimittivat my\u00f6hemmin Esko Palosvirta ja Sari Marttila. Vuoden 2003 alussa Peesi ja Opaskoirakoulun lehti Opaskoirauutiset yhdistettiin ja niiden tilalla alkoi ilmesty\u00e4 Valjaissa-lehti Opaskoirayhdistyksen kustantamana.<\/p>\n\n\n\n<p><strong>Peesarit-kerho perustetaan<\/strong><br>Peesi-lehden kautta tapahtunut tiedonv\u00e4litys vakiintuneen t\u00e4ydennyskoulutustoiminnan ohella saattoi olla er\u00e4s virike Peesarit-kerhon perustamiselle. Kutsu peesarikerhon perustavaan kokoukseen julkaistiin Peesi-lehden numerossa 3\/93. Perustava kokous pidettiin Lepolassa 6. p\u00e4iv\u00e4n\u00e4 marraskuuta 1993. Paikalla oli 18 henkil\u00f6\u00e4. Kerhon puheenjohtajaksi valittiin Heikki Saastamoinen, joka kaukaa viisaana ehdotti kerhon toimintamalliksi rekister\u00f6itym\u00e4t\u00f6nt\u00e4 peesareiden l\u00f6yh\u00e4\u00e4 yhteenliittym\u00e4\u00e4 ilman erityisi\u00e4 s\u00e4\u00e4nt\u00f6j\u00e4. Niin tehtiinkin ja turha byrokratia, kuten taloudenhoito, v\u00e4ltettiin. Kerhon j\u00e4seni\u00e4 voisivat olla kaikki opaskoiraty\u00f6st\u00e4 kiinnostuneet aktiiviset henkil\u00f6t. Toiminnan muodoiksi m\u00e4\u00e4riteltiin lyhyesti opaskoirien t\u00e4ydennyskoulutus Opaskoirayhdistyksen j\u00e4rjest\u00e4mill\u00e4 kursseilla sek\u00e4 yksitt\u00e4isten koirank\u00e4ytt\u00e4jien kanssa, koetoiminnan tukeminen, Peesi-lehden julkaiseminen ja peesareiden koulutus. Peesarit-kerhon puheenjohtajina ovat toimineet Heikki Saastamoinen, Ilkka Teinil\u00e4 ja nykyinen puheenjohtaja Sari Rajala. Sihteerin vakanssia ovat hoitaneet Juha Herttuainen, Esko Palosvirta, Sari Marttila ja nykyinen sihteeri Eija Paasu.<\/p>\n\n\n\n<p><strong>Toimintaa<\/strong><br>Peesarit-kerhon ensimm\u00e4inen oma toimintatapahtuma oli huhtikuun 24. p\u00e4iv\u00e4n\u00e4 1994. Silloin tutustuttiin opaskoiran ja valkoisen kepin avulla liikkumiseen \u201dlaput silmill\u00e4\u201d. Anneli Salminen alusti aiheesta: \u201dKun kohtaat n\u00e4k\u00f6vammaisen\u201d ja p\u00e4\u00e4lle p\u00e4\u00e4tteeksi pidettiin kokous. Omaa toimintaa ovat olleet vuodesta 1994 l\u00e4htien peesaripatikat ja viime vuosina vakiintuneet talvipatikat. Peesarit-kerho on tukenut Viron opaskoiratoimintaa lahjoittamalla sik\u00e4l\u00e4iselle opaskoiraj\u00e4rjest\u00f6lle labradorinnoutajan pennun. Viron opaskoiraty\u00f6t\u00e4 on lis\u00e4ksi tuettu yksityisten peesareiden toimesta l\u00e4hinn\u00e4 peesaamalla ja j\u00e4rjest\u00e4m\u00e4ll\u00e4 Viro-Suomi opaskoiramaaotteluita.<\/p>\n\n\n\n<p><strong>Peesausta<\/strong><br>Lukuisat ovat ne olleet ne t\u00e4ydennyskoulutus- ja virkistystapahtumat, joissa Peesarit-kerhon j\u00e4senet ovat olleet mukana. Opaskoirakerhojen toiminta on lis\u00e4\u00e4ntynyt kattamaan koko maan. Viikonloppukursseja j\u00e4rjestet\u00e4\u00e4n vuosittain kymmenkunta. Yhdess\u00e4 opaskoirakoiden kanssa j\u00e4rjestet\u00e4\u00e4n patikoita, opaskoirakokeita, retki\u00e4 sek\u00e4 kotimaassa ett\u00e4 ulkomailla, preppauskursseja, yksityisten opaskoirakoiden kanssa tapahtuvia peesauksia, jne. \u2013 kaikkea mahdollista. Naapurimaassamme Ruotsissa on my\u00f6s noin 10 vuotta toiminut opaskoirakoiden avustajien kerho kuin meill\u00e4kin. Toisistaan tiet\u00e4m\u00e4tt\u00e4 kummankin maan kerhojen toiminnot ovat kehittyneet suunnilleen samanlaisiksi. Onpa meilt\u00e4 markkinoitu Ruotsiin jopa yksi uudissana. Se on peesari \u2013 ruotsiksi siis pesare.<\/p>\n\n\n\n<p><strong>Yht\u00e4 kaikki<\/strong><br>Jenkkil\u00e4isen opaskoiralehden kannessa oli hiljattain kuva, joka oli otsikoitu nimell\u00e4 \u201dOur Community\u201d \u2013 \u201dMeid\u00e4n yhteis\u00f6mme\u201d. Kuvassa kulki v\u00e4ke\u00e4 kadulla: oli mustia, oli valkoisia, oli kepin ja opaskoiran avulla liikkuvia sokeita, vammaisia, perheit\u00e4, jne. Kuvan avulla viestitettiin tasa-arvoa kaikkien kansanryhmien kesken. Siin\u00e4 miss\u00e4 opaskoirakko, my\u00f6s peesari tarvitsee rentoutumista. Meid\u00e4n opaskoirayhteis\u00f6mme k\u00e4sitt\u00e4\u00e4 my\u00f6s peesarit ja yhdess\u00e4 toimiminen on hauskaa. Joka tapahtuman j\u00e4lkeen on hyv\u00e4 tulla kotiin niin koirakon kuin peesarinkin. Peesarilla on vapaus osallistua tai olla osallistumatta \u2013 tulla ja menn\u00e4. Sen mahdollistaa t\u00e4m\u00e4 meid\u00e4n rakas l\u00f6yh\u00e4 yhteenliittym\u00e4, jonka nimi on Peesarit. Peesarit-kerhossa on t\u00e4t\u00e4 kirjoitettaessa 117 j\u00e4sent\u00e4. Mukana on peesaavien peesareiden lis\u00e4ksi opaskoiratoiminnan tukijoita, mm. kummipentujen lahjoittajat.<\/p>\n\n\n\n<p><strong>T\u00e4ss\u00e4 viel\u00e4 vanhoja, Juha Herttuaisen ohjaamia opaskoiravideoita!<\/strong><\/p>\n\n\n\n<p><a href=\"https:\/\/www.youtube.com\/watch?v=slSsyO1A18o\" target=\"_blank\" rel=\"noreferrer noopener\">Opaskoirakoulu \u2013 Sokeille opastajia ja kavereita, osa 1\/2 \u2013 YouTube<\/a><\/p>\n\n\n\n<p><a href=\"https:\/\/www.youtube.com\/watch?v=Es_eFB8KbdA\" target=\"_blank\" rel=\"noreferrer noopener\">Opaskoirakoulu \u2013 Sokeille opastajia ja kavereita, osa 2\/2 \u2013 YouTube<\/a><\/p>\n","protected":false},"excerpt":{"rendered":"<p>HISTORIA, eli mist\u00e4 kaikki sai&nbsp;alkunsa \u2026&nbsp;&nbsp;&nbsp; Juha Herttuainen&nbsp;Lepola 18.10.2003 Suomessa on ollut n\u00e4k\u00f6vammaisten opaskoirank\u00e4ytt\u00e4jien avustajia eli nykyiselt\u00e4 nimelt\u00e4\u00e4n Peesareita yht\u00e4 kauan kuin on ollut opaskoiriakin. Sotasokeiden apuna oli palveluskoirien kouluttajia ja mm. lottia heid\u00e4n ollessaan yhteisty\u00f6koulutuksessa.\u00a0\u00a0 Opaskoirakoulun ja \u2013yhdistyksen kouluttajat toimivat peesareina ja koetuomareina 1940-luvulta alkaen. Palveluskoirakokeiden opaskoirakoetuomarit pitiv\u00e4t yhdess\u00e4 opaskoirakoulun kouluttajien kanssa opaskoirakoille harjoituksia [&hellip;]<\/p>\n","protected":false},"author":1,"featured_media":0,"parent":0,"menu_order":0,"comment_status":"closed","ping_status":"closed","template":"","meta":{"footnotes":""},"class_list":["post-31","page","type-page","status-publish","hentry"],"_links":{"self":[{"href":"https:\/\/peesarit.fi\/index.php\/wp-json\/wp\/v2\/pages\/31","targetHints":{"allow":["GET"]}}],"collection":[{"href":"https:\/\/peesarit.fi\/index.php\/wp-json\/wp\/v2\/pages"}],"about":[{"href":"https:\/\/peesarit.fi\/index.php\/wp-json\/wp\/v2\/types\/page"}],"author":[{"embeddable":true,"href":"https:\/\/peesarit.fi\/index.php\/wp-json\/wp\/v2\/users\/1"}],"replies":[{"embeddable":true,"href":"https:\/\/peesarit.fi\/index.php\/wp-json\/wp\/v2\/comments?post=31"}],"version-history":[{"count":4,"href":"https:\/\/peesarit.fi\/index.php\/wp-json\/wp\/v2\/pages\/31\/revisions"}],"predecessor-version":[{"id":37,"href":"https:\/\/peesarit.fi\/index.php\/wp-json\/wp\/v2\/pages\/31\/revisions\/37"}],"wp:attachment":[{"href":"https:\/\/peesarit.fi\/index.php\/wp-json\/wp\/v2\/media?parent=31"}],"curies":[{"name":"wp","href":"https:\/\/api.w.org\/{rel}","templated":true}]}}