{"id":38,"date":"2026-05-14T11:50:21","date_gmt":"2026-05-14T08:50:21","guid":{"rendered":"https:\/\/peesarit.fi\/?page_id=38"},"modified":"2026-05-14T11:50:21","modified_gmt":"2026-05-14T08:50:21","slug":"tapahtumat","status":"publish","type":"page","link":"https:\/\/peesarit.fi\/index.php\/tapahtumat\/","title":{"rendered":"Tapahtumat"},"content":{"rendered":"\n<p>Peesaripatikka j\u00e4rjestet\u00e4\u00e4n Lopen R\u00e4ysk\u00e4l\u00e4ss\u00e4 7-9.8.2026.<br><br>Tervetuloa koirakot ja peesarit Peesaripatikalle R\u00e4ysk\u00e4l\u00e4\u00e4n 7-9.8.2026, jossa on tarkoituksena nauttia R\u00e4ysk\u00e4l\u00e4n ihanasta luonnosta patikoiden, rentoutuen ja viett\u00e4en aikaa mukavassa seurassa. Kes\u00e4isess\u00e4 luonnossa p\u00e4\u00e4semme my\u00f6s uimaan ja koiratkin p\u00e4\u00e4sev\u00e4t nauttimaan uinnista! Koirat p\u00e4\u00e4sev\u00e4t my\u00f6s juoksemaan vapaasti, kun peesarit ovat apunanne patikalla.<\/p>\n\n\n\n<p>Lopen R\u00e4ysk\u00e4l\u00e4 sijaitsee etel\u00e4isess\u00e4 Kanta-H\u00e4meess\u00e4, matkaa Helsingist\u00e4 105 km, Forssasta 40 km ja Riihim\u00e4elt\u00e4 45 km. Majoitumme R\u00e4ysk\u00e4l\u00e4n Motellissa kahden, kolmen tai nelj\u00e4n hengen huoneissa.<\/p>\n\n\n\n<p>Ilmoittautumiset pyydet\u00e4\u00e4n laittamaan 15.7.2026\u00a0menness\u00e4 s\u00e4hk\u00f6postiosoitteeseen\u00a0<a href=\"mailto:peesarit@opaskoirayhdistys.fi\" target=\"_blank\" rel=\"noreferrer noopener\"><u>peesarit@opaskoirayhdistys.fi<\/u><\/a><\/p>\n\n\n\n<p>Mik\u00e4li olet kiinnostunut tulemaan uudeksi peesariksi, voit laittaa tietoa itsest\u00e4si yll\u00e4 olevaan s\u00e4hk\u00f6postiin, niin otamme sinuun yhteytt\u00e4.<\/p>\n","protected":false},"excerpt":{"rendered":"<p>Peesaripatikka j\u00e4rjestet\u00e4\u00e4n Lopen R\u00e4ysk\u00e4l\u00e4ss\u00e4 7-9.8.2026. Tervetuloa koirakot ja peesarit Peesaripatikalle R\u00e4ysk\u00e4l\u00e4\u00e4n 7-9.8.2026, jossa on tarkoituksena nauttia R\u00e4ysk\u00e4l\u00e4n ihanasta luonnosta patikoiden, rentoutuen ja viett\u00e4en aikaa mukavassa seurassa. Kes\u00e4isess\u00e4 luonnossa p\u00e4\u00e4semme my\u00f6s uimaan ja koiratkin p\u00e4\u00e4sev\u00e4t nauttimaan uinnista! Koirat p\u00e4\u00e4sev\u00e4t my\u00f6s juoksemaan vapaasti, kun peesarit ovat apunanne patikalla. Lopen R\u00e4ysk\u00e4l\u00e4 sijaitsee etel\u00e4isess\u00e4 Kanta-H\u00e4meess\u00e4, matkaa Helsingist\u00e4 105 km, [&hellip;]<\/p>\n","protected":false},"author":1,"featured_media":0,"parent":0,"menu_order":0,"comment_status":"closed","ping_status":"closed","template":"","meta":{"footnotes":""},"class_list":["post-38","page","type-page","status-publish","hentry"],"_links":{"self":[{"href":"https:\/\/peesarit.fi\/index.php\/wp-json\/wp\/v2\/pages\/38","targetHints":{"allow":["GET"]}}],"collection":[{"href":"https:\/\/peesarit.fi\/index.php\/wp-json\/wp\/v2\/pages"}],"about":[{"href":"https:\/\/peesarit.fi\/index.php\/wp-json\/wp\/v2\/types\/page"}],"author":[{"embeddable":true,"href":"https:\/\/peesarit.fi\/index.php\/wp-json\/wp\/v2\/users\/1"}],"replies":[{"embeddable":true,"href":"https:\/\/peesarit.fi\/index.php\/wp-json\/wp\/v2\/comments?post=38"}],"version-history":[{"count":4,"href":"https:\/\/peesarit.fi\/index.php\/wp-json\/wp\/v2\/pages\/38\/revisions"}],"predecessor-version":[{"id":42,"href":"https:\/\/peesarit.fi\/index.php\/wp-json\/wp\/v2\/pages\/38\/revisions\/42"}],"wp:attachment":[{"href":"https:\/\/peesarit.fi\/index.php\/wp-json\/wp\/v2\/media?parent=38"}],"curies":[{"name":"wp","href":"https:\/\/api.w.org\/{rel}","templated":true}]}}